{"id":13,"date":"2023-12-31T13:29:43","date_gmt":"2023-12-31T13:29:43","guid":{"rendered":"https:\/\/louloudion.com.tr\/?page_id=13"},"modified":"2026-04-27T21:48:20","modified_gmt":"2026-04-27T18:48:20","slug":"about-us","status":"publish","type":"page","link":"https:\/\/louloudion.com.tr\/ar\/about-us\/","title":{"rendered":"\u0639\u0646 \u0627\u0644\u0634\u0631\u0643\u0629"},"content":{"rendered":"<div data-elementor-type=\"wp-page\" data-elementor-id=\"13\" class=\"elementor elementor-13\" data-elementor-post-type=\"page\">\n\t\t\t\t\t\t<section class=\"elementor-section elementor-top-section elementor-element elementor-element-652237f1 elementor-section-boxed elementor-section-height-default elementor-section-height-default\" data-id=\"652237f1\" data-element_type=\"section\" data-e-type=\"section\" data-settings=\"{&quot;background_background&quot;:&quot;classic&quot;}\">\n\t\t\t\t\t\t\t<div class=\"elementor-background-overlay\"><\/div>\n\t\t\t\t\t\t\t<div class=\"elementor-container elementor-column-gap-default\">\n\t\t\t\t\t<div class=\"elementor-column elementor-col-100 elementor-top-column elementor-element elementor-element-1333bd74\" data-id=\"1333bd74\" data-element_type=\"column\" data-e-type=\"column\">\n\t\t\t<div class=\"elementor-widget-wrap elementor-element-populated\">\n\t\t\t\t\t\t\t<\/div>\n\t\t<\/div>\n\t\t\t\t\t<\/div>\n\t\t<\/section>\n\t\t\t\t<section class=\"elementor-section elementor-top-section elementor-element elementor-element-0d21b1c elementor-section-boxed elementor-section-height-default elementor-section-height-default\" data-id=\"0d21b1c\" data-element_type=\"section\" data-e-type=\"section\" data-settings=\"{&quot;background_background&quot;:&quot;classic&quot;}\">\n\t\t\t\t\t\t<div class=\"elementor-container elementor-column-gap-default\">\n\t\t\t\t\t<div class=\"elementor-column elementor-col-50 elementor-top-column elementor-element elementor-element-c96de8f\" data-id=\"c96de8f\" data-element_type=\"column\" data-e-type=\"column\">\n\t\t\t<div class=\"elementor-widget-wrap elementor-element-populated\">\n\t\t\t\t\t\t<div class=\"elementor-element elementor-element-7a23f17 animated-slow elementor-invisible elementor-widget elementor-widget-heading\" data-id=\"7a23f17\" data-element_type=\"widget\" data-e-type=\"widget\" data-settings=\"{&quot;_animation&quot;:&quot;fadeIn&quot;}\" data-widget_type=\"heading.default\">\n\t\t\t\t<div class=\"elementor-widget-container\">\n\t\t\t\t\t<h2 class=\"elementor-heading-title elementor-size-default\">Louloudion<\/h2>\t\t\t\t<\/div>\n\t\t\t\t<\/div>\n\t\t\t\t<div class=\"elementor-element elementor-element-73c0ddf animated-slow elementor-invisible elementor-widget elementor-widget-text-editor\" data-id=\"73c0ddf\" data-element_type=\"widget\" data-e-type=\"widget\" data-settings=\"{&quot;_animation&quot;:&quot;fadeIn&quot;,&quot;_animation_delay&quot;:500}\" data-widget_type=\"text-editor.default\">\n\t\t\t\t<div class=\"elementor-widget-container\">\n\t\t\t\t\t\t\t\t\t<p>Louloudion, m\u00fchendislik hassasiyeti ve k\u00fclt\u00fcrel ifade aras\u0131nda derin bir uyumu yans\u0131tan bir parf\u00fcm markas\u0131d\u0131r. Zengin Yemen ve M\u0131s\u0131r miras\u0131ndan ilham alan kokular\u0131m\u0131z, \u0130stanbul&#8217;un canl\u0131 kalbinde yeniden yorumlan\u0131yor. Louloudion&#8217;daki her detay, bir m\u00fchendisin analitik zekas\u0131 ve bir sanat\u00e7\u0131n\u0131n ifade g\u00fcc\u00fcyle in\u015fa edilmi\u015ftir.<\/p>\t\t\t\t\t\t\t\t<\/div>\n\t\t\t\t<\/div>\n\t\t\t\t<div class=\"elementor-element elementor-element-509e11a elementor-widget elementor-widget-button\" data-id=\"509e11a\" data-element_type=\"widget\" data-e-type=\"widget\" data-widget_type=\"button.default\">\n\t\t\t\t<div class=\"elementor-widget-container\">\n\t\t\t\t\t\t\t\t\t<div class=\"elementor-button-wrapper\">\n\t\t\t\t\t<a class=\"elementor-button elementor-button-link elementor-size-sm\" href=\"#\">\n\t\t\t\t\t\t<span class=\"elementor-button-content-wrapper\">\n\t\t\t\t\t\t\t\t\t<span class=\"elementor-button-text\">bize Ula\u015f\u0131n<\/span>\n\t\t\t\t\t<\/span>\n\t\t\t\t\t<\/a>\n\t\t\t\t<\/div>\n\t\t\t\t\t\t\t\t<\/div>\n\t\t\t\t<\/div>\n\t\t\t\t\t<\/div>\n\t\t<\/div>\n\t\t\t\t<div class=\"elementor-column elementor-col-50 elementor-top-column elementor-element elementor-element-62efb5c\" data-id=\"62efb5c\" data-element_type=\"column\" data-e-type=\"column\">\n\t\t\t<div class=\"elementor-widget-wrap elementor-element-populated\">\n\t\t\t\t\t\t<section class=\"elementor-section elementor-inner-section elementor-element elementor-element-f5df39c elementor-section-boxed elementor-section-height-default elementor-section-height-default\" data-id=\"f5df39c\" data-element_type=\"section\" data-e-type=\"section\">\n\t\t\t\t\t\t<div class=\"elementor-container elementor-column-gap-default\">\n\t\t\t\t\t<div class=\"elementor-column elementor-col-100 elementor-inner-column elementor-element elementor-element-394129c\" data-id=\"394129c\" data-element_type=\"column\" data-e-type=\"column\">\n\t\t\t<div class=\"elementor-widget-wrap elementor-element-populated\">\n\t\t\t\t\t\t<div class=\"elementor-element elementor-element-b9c76e5 elementor-widget elementor-widget-image\" data-id=\"b9c76e5\" data-element_type=\"widget\" data-e-type=\"widget\" data-widget_type=\"image.default\">\n\t\t\t\t<div class=\"elementor-widget-container\">\n\t\t\t\t\t\t\t\t\t\t\t\t\t\t\t<img fetchpriority=\"high\" decoding=\"async\" width=\"800\" height=\"800\" src=\"https:\/\/louloudion.com.tr\/wp-content\/uploads\/2026\/04\/2-1-1024x1024.png\" class=\"attachment-large size-large wp-image-2367\" alt=\"Louloudion Melodious Mist 50ml Eau de Parfum parf\u00fcm \u015fi\u015fesi; meyveli, baharatl\u0131, \u00e7i\u00e7eksi ve odunsu notalar i\u00e7eren etiketiyle.\" srcset=\"https:\/\/louloudion.com.tr\/wp-content\/uploads\/2026\/04\/2-1-1024x1024.png 1024w, https:\/\/louloudion.com.tr\/wp-content\/uploads\/2026\/04\/2-1-300x300.png 300w, https:\/\/louloudion.com.tr\/wp-content\/uploads\/2026\/04\/2-1-150x150.png 150w, https:\/\/louloudion.com.tr\/wp-content\/uploads\/2026\/04\/2-1-768x768.png 768w, https:\/\/louloudion.com.tr\/wp-content\/uploads\/2026\/04\/2-1-1536x1536.png 1536w, https:\/\/louloudion.com.tr\/wp-content\/uploads\/2026\/04\/2-1-2048x2048.png 2048w, https:\/\/louloudion.com.tr\/wp-content\/uploads\/2026\/04\/2-1-12x12.png 12w, https:\/\/louloudion.com.tr\/wp-content\/uploads\/2026\/04\/2-1-600x600.png 600w, https:\/\/louloudion.com.tr\/wp-content\/uploads\/2026\/04\/2-1-100x100.png 100w, https:\/\/louloudion.com.tr\/wp-content\/uploads\/2026\/04\/2-1-50x50.png 50w\" sizes=\"(max-width: 800px) 100vw, 800px\" \/>\t\t\t\t\t\t\t\t\t\t\t\t\t\t\t<\/div>\n\t\t\t\t<\/div>\n\t\t\t\t\t<\/div>\n\t\t<\/div>\n\t\t\t\t\t<\/div>\n\t\t<\/section>\n\t\t\t\t\t<\/div>\n\t\t<\/div>\n\t\t\t\t\t<\/div>\n\t\t<\/section>\n\t\t\t\t<section class=\"elementor-section elementor-top-section elementor-element elementor-element-27d3fcf9 elementor-section-boxed elementor-section-height-default elementor-section-height-default\" data-id=\"27d3fcf9\" data-element_type=\"section\" data-e-type=\"section\" data-settings=\"{&quot;background_background&quot;:&quot;classic&quot;}\">\n\t\t\t\t\t\t<div class=\"elementor-container elementor-column-gap-default\">\n\t\t\t\t\t<div class=\"elementor-column elementor-col-33 elementor-top-column elementor-element elementor-element-34030d1a\" data-id=\"34030d1a\" data-element_type=\"column\" data-e-type=\"column\">\n\t\t\t<div class=\"elementor-widget-wrap elementor-element-populated\">\n\t\t\t\t\t\t<div class=\"elementor-element elementor-element-311499c elementor-widget elementor-widget-counter\" data-id=\"311499c\" data-element_type=\"widget\" data-e-type=\"widget\" data-widget_type=\"counter.default\">\n\t\t\t\t<div class=\"elementor-widget-container\">\n\t\t\t\t\t\t\t<div class=\"elementor-counter\">\n\t\t\t<div class=\"elementor-counter-title\">\u00fcr\u00fcnler<\/div>\t\t\t<div class=\"elementor-counter-number-wrapper\">\n\t\t\t\t<span class=\"elementor-counter-number-prefix\"><\/span>\n\t\t\t\t<span class=\"elementor-counter-number\" data-duration=\"2000\" data-to-value=\"11\" data-from-value=\"0\" data-delimiter=\",\">0<\/span>\n\t\t\t\t<span class=\"elementor-counter-number-suffix\"><\/span>\n\t\t\t<\/div>\n\t\t<\/div>\n\t\t\t\t\t\t<\/div>\n\t\t\t\t<\/div>\n\t\t\t\t\t<\/div>\n\t\t<\/div>\n\t\t\t\t<div class=\"elementor-column elementor-col-33 elementor-top-column elementor-element elementor-element-49868eb0\" data-id=\"49868eb0\" data-element_type=\"column\" data-e-type=\"column\">\n\t\t\t<div class=\"elementor-widget-wrap elementor-element-populated\">\n\t\t\t\t\t\t<div class=\"elementor-element elementor-element-5d1527a7 elementor-widget elementor-widget-counter\" data-id=\"5d1527a7\" data-element_type=\"widget\" data-e-type=\"widget\" data-widget_type=\"counter.default\">\n\t\t\t\t<div class=\"elementor-widget-container\">\n\t\t\t\t\t\t\t<div class=\"elementor-counter\">\n\t\t\t<div class=\"elementor-counter-title\">Memnun m\u00fc\u015fteri<\/div>\t\t\t<div class=\"elementor-counter-number-wrapper\">\n\t\t\t\t<span class=\"elementor-counter-number-prefix\"><\/span>\n\t\t\t\t<span class=\"elementor-counter-number\" data-duration=\"2000\" data-to-value=\"100\" data-from-value=\"0\" data-delimiter=\",\">0<\/span>\n\t\t\t\t<span class=\"elementor-counter-number-suffix\">+<\/span>\n\t\t\t<\/div>\n\t\t<\/div>\n\t\t\t\t\t\t<\/div>\n\t\t\t\t<\/div>\n\t\t\t\t\t<\/div>\n\t\t<\/div>\n\t\t\t\t<div class=\"elementor-column elementor-col-33 elementor-top-column elementor-element elementor-element-4093c2f1\" data-id=\"4093c2f1\" data-element_type=\"column\" data-e-type=\"column\">\n\t\t\t<div class=\"elementor-widget-wrap elementor-element-populated\">\n\t\t\t\t\t\t<div class=\"elementor-element elementor-element-6cd84791 elementor-widget elementor-widget-counter\" data-id=\"6cd84791\" data-element_type=\"widget\" data-e-type=\"widget\" data-widget_type=\"counter.default\">\n\t\t\t\t<div class=\"elementor-widget-container\">\n\t\t\t\t\t\t\t<div class=\"elementor-counter\">\n\t\t\t<div class=\"elementor-counter-title\">\u0130ndirimler<\/div>\t\t\t<div class=\"elementor-counter-number-wrapper\">\n\t\t\t\t<span class=\"elementor-counter-number-prefix\"><\/span>\n\t\t\t\t<span class=\"elementor-counter-number\" data-duration=\"2000\" data-to-value=\"2\" data-from-value=\"0\" data-delimiter=\",\">0<\/span>\n\t\t\t\t<span class=\"elementor-counter-number-suffix\"><\/span>\n\t\t\t<\/div>\n\t\t<\/div>\n\t\t\t\t\t\t<\/div>\n\t\t\t\t<\/div>\n\t\t\t\t\t<\/div>\n\t\t<\/div>\n\t\t\t\t\t<\/div>\n\t\t<\/section>\n\t\t<div class=\"elementor-element elementor-element-1ced2b8 e-flex e-con-boxed e-con e-parent\" data-id=\"1ced2b8\" data-element_type=\"container\" data-e-type=\"container\" data-settings=\"{&quot;background_background&quot;:&quot;classic&quot;}\">\n\t\t\t\t\t<div class=\"e-con-inner\">\n\t\t<div class=\"elementor-element elementor-element-0a95236 e-con-full e-flex e-con e-child\" data-id=\"0a95236\" data-element_type=\"container\" data-e-type=\"container\">\n\t\t\t\t<div class=\"elementor-element elementor-element-77ae8a2 elementor-widget__width-initial elementor-widget elementor-widget-heading\" data-id=\"77ae8a2\" data-element_type=\"widget\" data-e-type=\"widget\" data-widget_type=\"heading.default\">\n\t\t\t\t<div class=\"elementor-widget-container\">\n\t\t\t\t\t<h2 class=\"elementor-heading-title elementor-size-default\">Vizyonumuz<\/h2>\t\t\t\t<\/div>\n\t\t\t\t<\/div>\n\t\t\t\t<div class=\"elementor-element elementor-element-93b7cb5 elementor-widget elementor-widget-text-editor\" data-id=\"93b7cb5\" data-element_type=\"widget\" data-e-type=\"widget\" data-widget_type=\"text-editor.default\">\n\t\t\t\t<div class=\"elementor-widget-container\">\n\t\t\t\t\t\t\t\t\t<p>Parf\u00fcmeri d\u00fcnyas\u0131nda tasar\u0131m\u0131n anlam\u0131n\u0131 yeniden tan\u0131ml\u0131yoruz. Vizyonumuz, kokuyu bir \u015fi\u015fedeki s\u0131v\u0131dan m\u00fchendislik \u00fcr\u00fcn\u00fc bir deneyime d\u00f6n\u00fc\u015ft\u00fcrmektir. Bir mimar, bir bilgisayar m\u00fchendisi ve bir makine m\u00fchendisi olarak, kar\u0131\u015ft\u0131rm\u0131yoruz\u2026 in\u015fa ediyoruz.<\/p><p>Miras\u0131n yap\u0131sal m\u00fckemmellikle bulu\u015ftu\u011fu bir gelecek tasarl\u0131yoruz.<\/p>\t\t\t\t\t\t\t\t<\/div>\n\t\t\t\t<\/div>\n\t\t\t\t<div class=\"elementor-element elementor-element-42230bc elementor-widget-divider--separator-type-pattern elementor-widget-divider--view-line elementor-widget elementor-widget-divider\" data-id=\"42230bc\" data-element_type=\"widget\" data-e-type=\"widget\" data-widget_type=\"divider.default\">\n\t\t\t\t<div class=\"elementor-widget-container\">\n\t\t\t\t\t\t\t<div class=\"elementor-divider\" style=\"--divider-pattern-url: url(&quot;data:image\/svg+xml,%3Csvg xmlns=&#039;http:\/\/www.w3.org\/2000\/svg&#039; preserveAspectRatio=&#039;none&#039; overflow=&#039;visible&#039; height=&#039;100%&#039; viewBox=&#039;0 0 24 24&#039; fill=&#039;black&#039; stroke=&#039;none&#039;%3E%3Cpolygon points=&#039;9.4,2 24,2 14.6,21.6 0,21.6&#039;\/%3E%3C\/svg%3E&quot;);\">\n\t\t\t<span class=\"elementor-divider-separator\">\n\t\t\t\t\t\t<\/span>\n\t\t<\/div>\n\t\t\t\t\t\t<\/div>\n\t\t\t\t<\/div>\n\t\t\t\t<div class=\"elementor-element elementor-element-7ce956f elementor-widget__width-initial elementor-widget elementor-widget-heading\" data-id=\"7ce956f\" data-element_type=\"widget\" data-e-type=\"widget\" data-widget_type=\"heading.default\">\n\t\t\t\t<div class=\"elementor-widget-container\">\n\t\t\t\t\t<h2 class=\"elementor-heading-title elementor-size-default\">Felsefemiz<\/h2>\t\t\t\t<\/div>\n\t\t\t\t<\/div>\n\t\t\t\t<div class=\"elementor-element elementor-element-d65e67c elementor-widget elementor-widget-text-editor\" data-id=\"d65e67c\" data-element_type=\"widget\" data-e-type=\"widget\" data-widget_type=\"text-editor.default\">\n\t\t\t\t<div class=\"elementor-widget-container\">\n\t\t\t\t\t\t\t\t\t<p>Parf\u00fcmlerimizi t\u0131pk\u0131 projeler tasarlad\u0131\u011f\u0131m\u0131z gibi tasarl\u0131yoruz. Hesapl\u0131 g\u00fczelli\u011fi ve \u00f6zenle i\u015flenmi\u015f duyguyu ar\u0131yoruz.<\/p>\t\t\t\t\t\t\t\t<\/div>\n\t\t\t\t<\/div>\n\t\t\t\t<\/div>\n\t\t<div class=\"elementor-element elementor-element-930f8f4 e-con-full e-flex e-con e-child\" data-id=\"930f8f4\" data-element_type=\"container\" data-e-type=\"container\">\n\t\t\t\t<div class=\"elementor-element elementor-element-b7d7483 elementor-widget elementor-widget-image\" data-id=\"b7d7483\" data-element_type=\"widget\" data-e-type=\"widget\" data-widget_type=\"image.default\">\n\t\t\t\t<div class=\"elementor-widget-container\">\n\t\t\t\t\t\t\t\t\t\t\t\t\t\t\t<img decoding=\"async\" width=\"700\" height=\"700\" src=\"https:\/\/louloudion.com.tr\/wp-content\/uploads\/2026\/03\/e-18.png\" class=\"attachment-large size-large wp-image-2147\" alt=\"\" srcset=\"https:\/\/louloudion.com.tr\/wp-content\/uploads\/2026\/03\/e-18.png 700w, https:\/\/louloudion.com.tr\/wp-content\/uploads\/2026\/03\/e-18-300x300.png 300w, https:\/\/louloudion.com.tr\/wp-content\/uploads\/2026\/03\/e-18-150x150.png 150w, https:\/\/louloudion.com.tr\/wp-content\/uploads\/2026\/03\/e-18-600x600.png 600w, https:\/\/louloudion.com.tr\/wp-content\/uploads\/2026\/03\/e-18-100x100.png 100w, https:\/\/louloudion.com.tr\/wp-content\/uploads\/2026\/03\/e-18-50x50.png 50w\" sizes=\"(max-width: 700px) 100vw, 700px\" \/>\t\t\t\t\t\t\t\t\t\t\t\t\t\t\t<\/div>\n\t\t\t\t<\/div>\n\t\t\t\t<\/div>\n\t\t\t\t\t<\/div>\n\t\t\t\t<\/div>\n\t\t<div class=\"elementor-element elementor-element-4dea83b e-grid e-con-boxed e-con e-parent\" data-id=\"4dea83b\" data-element_type=\"container\" data-e-type=\"container\">\n\t\t\t\t\t<div class=\"e-con-inner\">\n\t\t\t\t\t<\/div>\n\t\t\t\t<\/div>\n\t\t\t\t<\/div>","protected":false},"excerpt":{"rendered":"<p>Louloudion Louloudion, m\u00fchendislik hassasiyeti ve k\u00fclt\u00fcrel ifade aras\u0131nda derin bir uyumu yans\u0131tan bir parf\u00fcm markas\u0131d\u0131r. Zengin Yemen ve M\u0131s\u0131r miras\u0131ndan ilham alan kokular\u0131m\u0131z, \u0130stanbul&#8217;un canl\u0131 kalbinde yeniden yorumlan\u0131yor. Louloudion&#8217;daki her detay, bir m\u00fchendisin analitik zekas\u0131 ve bir sanat\u00e7\u0131n\u0131n ifade g\u00fcc\u00fcyle in\u015fa edilmi\u015ftir. bize Ula\u015f\u0131n \u00fcr\u00fcnler 0 Memnun m\u00fc\u015fteri 0 + \u0130ndirimler 0 Vizyonumuz Parf\u00fcmeri d\u00fcnyas\u0131nda [&hellip;]<\/p>\n","protected":false},"author":1,"featured_media":0,"parent":0,"menu_order":0,"comment_status":"closed","ping_status":"closed","template":"","meta":{"_acf_changed":false,"_uf_show_specific_survey":0,"_uf_disable_surveys":false,"_joinchat":[],"footnotes":""},"class_list":["post-13","page","type-page","status-publish","hentry"],"acf":[],"_links":{"self":[{"href":"https:\/\/louloudion.com.tr\/ar\/wp-json\/wp\/v2\/pages\/13","targetHints":{"allow":["GET"]}}],"collection":[{"href":"https:\/\/louloudion.com.tr\/ar\/wp-json\/wp\/v2\/pages"}],"about":[{"href":"https:\/\/louloudion.com.tr\/ar\/wp-json\/wp\/v2\/types\/page"}],"author":[{"embeddable":true,"href":"https:\/\/louloudion.com.tr\/ar\/wp-json\/wp\/v2\/users\/1"}],"replies":[{"embeddable":true,"href":"https:\/\/louloudion.com.tr\/ar\/wp-json\/wp\/v2\/comments?post=13"}],"version-history":[{"count":84,"href":"https:\/\/louloudion.com.tr\/ar\/wp-json\/wp\/v2\/pages\/13\/revisions"}],"predecessor-version":[{"id":2460,"href":"https:\/\/louloudion.com.tr\/ar\/wp-json\/wp\/v2\/pages\/13\/revisions\/2460"}],"wp:attachment":[{"href":"https:\/\/louloudion.com.tr\/ar\/wp-json\/wp\/v2\/media?parent=13"}],"curies":[{"name":"wp","href":"https:\/\/api.w.org\/{rel}","templated":true}]}}