{"id":21,"date":"2024-01-06T11:19:23","date_gmt":"2024-01-06T11:19:23","guid":{"rendered":"https:\/\/louloudion.com.tr\/?page_id=21"},"modified":"2026-04-26T05:19:41","modified_gmt":"2026-04-26T05:49:41","slug":"geri-odeme-ve-iade-politikasi","status":"publish","type":"page","link":"https:\/\/louloudion.com.tr\/ar\/geri-odeme-ve-iade-politikasi\/","title":{"rendered":"Geri \u00d6deme ve \u0130ade Politikas\u0131"},"content":{"rendered":"<div data-elementor-type=\"wp-page\" data-elementor-id=\"21\" class=\"elementor elementor-21\" data-elementor-post-type=\"page\">\n\t\t\t\t<div class=\"elementor-element elementor-element-772746ef e-flex e-con-boxed e-con e-parent\" data-id=\"772746ef\" data-element_type=\"container\" data-e-type=\"container\">\n\t\t\t\t\t<div class=\"e-con-inner\">\n\t\t\t\t<div class=\"elementor-element elementor-element-5737ceb9 elementor-widget elementor-widget-text-editor\" data-id=\"5737ceb9\" data-element_type=\"widget\" data-e-type=\"widget\" data-widget_type=\"text-editor.default\">\n\t\t\t\t<div class=\"elementor-widget-container\">\n\t\t\t\t\t\t\t\t\t\n<div id=\"model-response-message-contentr_47d05af5180935e7\" class=\"markdown markdown-main-panel stronger enable-updated-hr-color\" dir=\"ltr\" aria-live=\"polite\" aria-busy=\"false\">\n<h2 class=\"wp-block-heading\" data-path-to-node=\"2\"><span style=\"color: #4a044a;\">\u0645\u0627 \u0647\u064a \u0634\u0631\u0648\u0637 \u0627\u0644\u0627\u0633\u062a\u0628\u062f\u0627\u0644 \u0648\u0627\u0644\u0627\u0633\u062a\u0631\u062c\u0627\u0639\u061f<\/span><\/h2>\n<p><b data-path-to-node=\"3,0,0\" data-index-in-node=\"0\">\u062d\u0627\u0644\u0629 \u0627\u0644\u0645\u0646\u062a\u062c:<\/b> \u064a\u062c\u0628 \u0623\u0646 \u064a\u0643\u0648\u0646 \u0627\u0644\u0645\u0646\u062a\u062c \u0627\u0644\u0645\u0633\u062a\u0631\u062c\u0639 \u0641\u064a \u062d\u0627\u0644\u062a\u0647 \u0627\u0644\u0623\u0635\u0644\u064a\u0629\u060c \u0648\u0641\u064a \u0639\u0628\u0648\u062a\u0647 \u0627\u0644\u0623\u0635\u0644\u064a\u0629\u060c \u0648\u0645\u0639 \u0643\u0627\u0641\u0629 \u0645\u0644\u062d\u0642\u0627\u062a\u0647. \u064a\u062c\u0628 \u0623\u0646 \u064a\u0643\u0648\u0646 \u0627\u0644\u0645\u0646\u062a\u062c \u063a\u064a\u0631 \u0645\u0633\u062a\u062e\u062f\u0645\u060c \u0648\u063a\u064a\u0631 \u0645\u0641\u062a\u0648\u062d\u060c \u0648\u0623\u0644\u0627 \u064a\u0643\u0648\u0646 \u063a\u0644\u0627\u0641 \u0627\u0644\u0645\u0646\u062a\u062c (\u062e\u0635\u0627\u0626\u0635 \u0627\u0644\u062a\u063a\u0644\u064a\u0641 \u0627\u0644\u0623\u0635\u0644\u064a\u0629) \u0642\u062f \u062a\u0639\u0631\u0636 \u0644\u0623\u064a \u062a\u0644\u0641.<\/p>\n<p data-path-to-node=\"3,1,0\"><b data-path-to-node=\"3,1,0\" data-index-in-node=\"0\">\u0639\u0645\u0644\u064a\u0629 \u0627\u0644\u0645\u0648\u0627\u0641\u0642\u0629:<\/b> \u0633\u064a\u062a\u0645 \u0627\u0644\u0645\u0648\u0627\u0641\u0642\u0629 \u0639\u0644\u0649 \u0637\u0644\u0628 \u0627\u0644\u0627\u0633\u062a\u0631\u062c\u0627\u0639 \u0627\u0644\u062e\u0627\u0635 \u0628\u0643\u0645 \u0628\u0639\u062f \u0627\u0633\u062a\u0644\u0627\u0645\u0646\u0627 \u0644\u0644\u0645\u0646\u062a\u062c \u0648\u0627\u0644\u062a\u0623\u0643\u062f \u0645\u0646 \u0633\u0644\u0627\u0645\u062a\u0647 \u0628\u0646\u0633\u0628\u0629 100%. \u0623\u0645\u0627 \u0625\u0630\u0627 \u0643\u0627\u0646\u062a \u062d\u0627\u0644\u0629 \u0627\u0644\u0645\u0646\u062a\u062c \u0645\u062e\u0627\u0644\u0641\u0629 \u0644\u0644\u0634\u0631\u0648\u0637 \u0627\u0644\u0645\u0630\u0643\u0648\u0631\u0629 \u0623\u0639\u0644\u0627\u0647\u060c \u0641\u0644\u0646 \u064a\u062a\u0645 \u0627\u0644\u0645\u0648\u0627\u0641\u0642\u0629 \u0639\u0644\u0649 \u0637\u0644\u0628 \u0627\u0644\u0627\u0633\u062a\u0631\u062c\u0627\u0639.<\/p>\n<p data-path-to-node=\"3,2,0\"><b data-path-to-node=\"3,2,0\" data-index-in-node=\"0\">\u0645\u0647\u0644\u0629 \u0627\u0644\u0625\u0628\u0644\u0627\u063a:<\/b> \u064a\u062c\u0628 \u0639\u0644\u064a\u0643 \u0625\u0628\u0644\u0627\u063a\u0646\u0627 \u0628\u0637\u0644\u0628 \u0627\u0644\u0627\u0633\u062a\u0631\u062c\u0627\u0639 \u0639\u0628\u0631 \u0642\u0646\u0648\u0627\u062a \u0627\u0644\u0627\u062a\u0635\u0627\u0644 \u0627\u0644\u062e\u0627\u0635\u0629 \u0628\u0646\u0627 \u062e\u0644\u0627\u0644 3 \u0623\u064a\u0627\u0645 \u0639\u0645\u0644 \u0645\u0646 \u062a\u0627\u0631\u064a\u062e \u0627\u0644\u0637\u0644\u0628\u060c \u0623\u0648 \u062e\u0644\u0627\u0644 24 \u0633\u0627\u0639\u0629 \u0645\u0646 \u0627\u0633\u062a\u0644\u0627\u0645 \u0627\u0644\u0645\u0646\u062a\u062c.<\/p>\n<p data-path-to-node=\"3,3,0\"><b data-path-to-node=\"3,3,0\" data-index-in-node=\"0\">\u062a\u0643\u0627\u0644\u064a\u0641 \u0627\u0644\u0634\u062d\u0646:<\/b> \u0628\u0627\u0633\u062a\u062b\u0646\u0627\u0621 \u062d\u0627\u0644\u0627\u062a \u0648\u062c\u0648\u062f \u062e\u0644\u0644 \u0623\u0648 \u0639\u064a\u0628 \u0645\u0635\u0646\u0639\u064a \u0641\u064a \u0627\u0644\u0645\u0646\u062a\u062c\u0627\u062a\u060c \u064a\u062a\u062d\u0645\u0644 \u0627\u0644\u0639\u0645\u064a\u0644 \u062a\u0643\u0627\u0644\u064a\u0641 \u0634\u062d\u0646 \u0648\u062a\u0648\u0635\u064a\u0644 \u0639\u0645\u0644\u064a\u0629 \u0627\u0644\u0627\u0633\u062a\u0631\u062c\u0627\u0639 (\u064a\u062a\u0645 \u062d\u0633\u0627\u0628\u0647\u0627 \u0628\u0646\u0627\u0621\u064b \u0639\u0644\u0649 \u0627\u0644\u0645\u062f\u064a\u0646\u0629).<\/p>\n<p data-path-to-node=\"3,4,0\"><b data-path-to-node=\"3,4,0\" data-index-in-node=\"0\">\u0641\u064a \u062d\u0627\u0644\u0629 \u0648\u062c\u0648\u062f \u0639\u064a\u0628 \u0645\u0635\u0646\u0639\u064a:<\/b> \u0625\u0630\u0627 \u0643\u0627\u0646 \u0627\u0644\u0645\u0646\u062a\u062c \u064a\u0639\u0627\u0646\u064a \u0645\u0646 \u062e\u0637\u0623 \u0623\u0648 \u0639\u064a\u0628 \u0645\u0635\u0646\u0639\u064a\u060c \u064a\u0631\u062c\u0649 \u0627\u0644\u062a\u0642\u0627\u0637 \u0635\u0648\u0631\u0629 \u0648\u0627\u0636\u062d\u0629 \u0644\u0644\u0645\u0634\u0643\u0644\u0629 \u0648\u0625\u0631\u0633\u0627\u0644\u0647\u0627 \u0625\u0644\u0649 \u0631\u0642\u0645\u0646\u0627 \u0627\u0644\u0645\u0648\u062c\u0648\u062f \u0623\u0633\u0641\u0644 \u0627\u0644\u0635\u0641\u062d\u0629.<\/p>\n<h2 data-path-to-node=\"4\"><span style=\"color: #4a044a;\">\u0627\u0633\u062a\u0631\u062f\u0627\u062f \u0627\u0644\u0623\u0645\u0648\u0627\u0644<\/span><\/h2>\n<p data-path-to-node=\"5\">\u0628\u0639\u062f \u0648\u0635\u0648\u0644 \u0645\u0646\u062a\u062c\u0643 \u0627\u0644\u0645\u0631\u062a\u062c\u0639 \u0625\u0644\u064a\u0646\u0627 \u0648\u0641\u062d\u0635\u0647\u060c \u0633\u0646\u0631\u0633\u0644 \u0625\u0644\u064a\u0643\u0645 \u0628\u0631\u064a\u062f\u0627\u064b \u0625\u0644\u0643\u062a\u0631\u0648\u0646\u064a\u0627\u064b \u0644\u0625\u0628\u0644\u0627\u063a\u0643\u0645 \u0628\u0627\u0633\u062a\u0644\u0627\u0645\u0646\u0627 \u0644\u0644\u0645\u0646\u062a\u062c. \u0643\u0645\u0627 \u0633\u0646\u0628\u0644\u063a\u0643\u0645 \u0628\u0642\u0631\u0627\u0631 \u0627\u0644\u0645\u0648\u0627\u0641\u0642\u0629 \u0639\u0644\u0649 \u0627\u0633\u062a\u0631\u062f\u0627\u062f \u0623\u0645\u0648\u0627\u0644\u0643\u0645 \u0623\u0648 \u0631\u0641\u0636\u0647. \u0641\u064a \u062d\u0627\u0644 \u0627\u0644\u0645\u0648\u0627\u0641\u0642\u0629\u060c \u0633\u062a\u062a\u0645 \u0645\u0639\u0627\u0644\u062c\u0629 \u0627\u0633\u062a\u0631\u062f\u0627\u062f \u0627\u0644\u0645\u0628\u0644\u063a\u060c \u0648\u0633\u064a\u062a\u0645 \u0625\u064a\u062f\u0627\u0639\u0647 \u062a\u0644\u0642\u0627\u0626\u064a\u0627\u064b \u0641\u064a \u0628\u0637\u0627\u0642\u062a\u0643\u0645 \u0627\u0644\u0627\u0626\u062a\u0645\u0627\u0646\u064a\u0629 \u0623\u0648 \u0648\u0633\u064a\u0644\u0629 \u0627\u0644\u062f\u0641\u0639 \u0627\u0644\u0623\u0635\u0644\u064a\u0629 \u062e\u0644\u0627\u0644 \u0641\u062a\u0631\u0629 \u062a\u062a\u0631\u0627\u0648\u062d \u0628\u064a\u0646 5 \u0625\u0644\u0649 10 \u0623\u064a\u0627\u0645 \u0639\u0645\u0644.<\/p>\n<h2 data-path-to-node=\"6\"><span style=\"color: #4a044a;\">\u0627\u0644\u0627\u0633\u062a\u0628\u062f\u0627\u0644<\/span><\/h2>\n<p data-path-to-node=\"7\" class=\"translation-block\">\u0646\u062d\u0646 \u0646\u0633\u062a\u0628\u062f\u0644 \u0627\u0644\u0645\u0646\u062a\u062c\u0627\u062a \u0641\u0642\u0637 \u0625\u0630\u0627 \u0643\u0627\u0646\u062a \u0645\u0639\u064a\u0628\u0629 \u0623\u0648 \u062a\u0627\u0644\u0641\u0629. \u0625\u0630\u0627 \u0643\u0646\u062a\u0645 \u0628\u062d\u0627\u062c\u0629 \u0625\u0644\u0649 \u0627\u0633\u062a\u0628\u062f\u0627\u0644\u0647\u0627 \u0628\u0646\u0641\u0633 \u0627\u0644\u0645\u0646\u062a\u062c \u0623\u0648 \u0628\u0645\u0646\u062a\u062c \u0622\u062e\u0631 \u0628\u0646\u0641\u0633 \u0627\u0644\u0633\u0639\u0631\u060c \u064a\u0631\u062c\u0649 \u0627\u0644\u062a\u0648\u0627\u0635\u0644 \u0645\u0639\u0646\u0627 \u0639\u0628\u0631 \u0627\u0644\u0628\u0631\u064a\u062f \u0627\u0644\u0625\u0644\u0643\u062a\u0631\u0648\u0646\u064a <b data-path-to-node=\"7\" data-index-in-node=\"156\">info@louloudion.com.tr<\/b>.<\/p>\n<hr data-path-to-node=\"8\" \/>\n<h2 data-path-to-node=\"9\"><span style=\"color: #3b023b;\">\u0647\u0644 \u064a\u0645\u0643\u0646\u0646\u064a \u0625\u0644\u063a\u0627\u0621 \u0627\u0644\u0637\u0644\u0628 \u0642\u0628\u0644 \u0627\u0633\u062a\u0644\u0627\u0645 \u0627\u0644\u0645\u0646\u062a\u062c\u061f<\/span><\/h2>\n<p data-path-to-node=\"10\" class=\"translation-block\">\u064a\u0645\u0643\u0646\u0643 \u0625\u0644\u063a\u0627\u0621 \u0637\u0644\u0628\u0643 \u062e\u0644\u0627\u0644 <b data-path-to-node=\"10\" data-index-in-node=\"43\">84 \u0633\u0627\u0639\u0629<\/b> \u0645\u0646 \u0648\u0642\u062a \u0625\u062a\u0645\u0627\u0645 \u0639\u0645\u0644\u064a\u0629 \u0627\u0644\u0634\u0631\u0627\u0621\u060c \u0628\u0634\u0631\u0637 \u0623\u0644\u0627 \u064a\u0643\u0648\u0646 \u0627\u0644\u0645\u0646\u062a\u062c \u0642\u062f \u062a\u0645 \u0634\u062d\u0646\u0647. \u064a\u0631\u062c\u0649 \u0627\u0644\u0627\u062a\u0635\u0627\u0644 \u0628\u0641\u0631\u064a\u0642 \u062e\u062f\u0645\u0629 \u0627\u0644\u0639\u0645\u0644\u0627\u0621 \u0644\u062f\u064a\u0646\u0627 \u0623\u0648 \u0625\u0631\u0633\u0627\u0644 \u0628\u0631\u064a\u062f \u0625\u0644\u0643\u062a\u0631\u0648\u0646\u064a \u0625\u0644\u0649 <b data-path-to-node=\"10\" data-index-in-node=\"156\">info@louloudion.com.tr<\/b>\u061b \u0648\u0633\u0646\u0643\u0648\u0646 \u0633\u0639\u062f\u0627\u0621 \u0628\u062e\u062f\u0645\u062a\u0643\u0645.<\/p>\n<p data-path-to-node=\"11\"><b data-path-to-node=\"11\" data-index-in-node=\"0\">\u062a\u0648\u0627\u0635\u0644 \u0645\u0639\u0646\u0627<\/b> 00905522619502<\/p>\n<\/div>\n\t\t\t\t\t\t\t\t<\/div>\n\t\t\t\t<\/div>\n\t\t\t\t\t<\/div>\n\t\t\t\t<\/div>\n\t\t\t\t<\/div>","protected":false},"excerpt":{"rendered":"<p>\u0130ade ve De\u011fi\u015fim \u015eartlar\u0131 Nelerdir? \u00dcr\u00fcn Durumu: \u0130ade edilecek \u00fcr\u00fcn orijinal durumunda, orijinal ambalaj\u0131nda ve t\u00fcm aksesuarlar\u0131yla birlikte olmal\u0131d\u0131r. \u00dcr\u00fcn kullan\u0131lmam\u0131\u015f, a\u00e7\u0131lmam\u0131\u015f veya \u00fcr\u00fcn ambalaj\u0131n\u0131n (orijinal paketleme \u00f6zelliklerinin) bozulmam\u0131\u015f olmas\u0131 gerekmektedir. Onay S\u00fcreci: \u0130ade talebiniz, \u00fcr\u00fcn\u00fc teslim al\u0131p %100 sa\u011flam oldu\u011funu teyit ettikten sonra onaylanacakt\u0131r. \u00dcr\u00fcn\u00fcn durumu yukar\u0131daki \u015fartlara uymad\u0131\u011f\u0131 takdirde iade talebi onaylanmayacakt\u0131r. Bildirim [&hellip;]<\/p>\n","protected":false},"author":1,"featured_media":0,"parent":0,"menu_order":0,"comment_status":"closed","ping_status":"closed","template":"","meta":{"_acf_changed":false,"_uf_show_specific_survey":0,"_uf_disable_surveys":false,"_joinchat":[],"footnotes":""},"class_list":["post-21","page","type-page","status-publish","hentry"],"acf":[],"_links":{"self":[{"href":"https:\/\/louloudion.com.tr\/ar\/wp-json\/wp\/v2\/pages\/21","targetHints":{"allow":["GET"]}}],"collection":[{"href":"https:\/\/louloudion.com.tr\/ar\/wp-json\/wp\/v2\/pages"}],"about":[{"href":"https:\/\/louloudion.com.tr\/ar\/wp-json\/wp\/v2\/types\/page"}],"author":[{"embeddable":true,"href":"https:\/\/louloudion.com.tr\/ar\/wp-json\/wp\/v2\/users\/1"}],"replies":[{"embeddable":true,"href":"https:\/\/louloudion.com.tr\/ar\/wp-json\/wp\/v2\/comments?post=21"}],"version-history":[{"count":15,"href":"https:\/\/louloudion.com.tr\/ar\/wp-json\/wp\/v2\/pages\/21\/revisions"}],"predecessor-version":[{"id":2414,"href":"https:\/\/louloudion.com.tr\/ar\/wp-json\/wp\/v2\/pages\/21\/revisions\/2414"}],"wp:attachment":[{"href":"https:\/\/louloudion.com.tr\/ar\/wp-json\/wp\/v2\/media?parent=21"}],"curies":[{"name":"wp","href":"https:\/\/api.w.org\/{rel}","templated":true}]}}